{"id":290,"date":"2020-03-23T11:10:48","date_gmt":"2020-03-23T11:10:48","guid":{"rendered":"https:\/\/www.wiesenwunder.de\/?page_id=290"},"modified":"2020-08-05T14:45:29","modified_gmt":"2020-08-05T14:45:29","slug":"fortbildungen","status":"publish","type":"page","link":"https:\/\/www.wiesenwunder.de\/index.php\/fortbildungen\/","title":{"rendered":"Fortbildungen"},"content":{"rendered":"<p>[et_pb_section fb_built=&#8220;1&#8243; fullwidth=&#8220;on&#8220; admin_label=&#8220;Header Section&#8220; _builder_version=&#8220;4.5.3&#8243; background_color=&#8220;#edf000&#8243; bottom_divider_style=&#8220;ramp&#8220; bottom_divider_flip=&#8220;horizontal&#8220; hover_enabled=&#8220;0&#8243; bottom_divider_color=&#8220;#edf000&#8243;][et_pb_fullwidth_header text_orientation=&#8220;center&#8220; content_max_width=&#8220;640px&#8220; _builder_version=&#8220;4.5.3&#8243; title_font=&#8220;Oswald|||on|||||&#8220; title_font_size=&#8220;20px&#8220; title_letter_spacing=&#8220;3px&#8220; title_line_height=&#8220;1.5em&#8220; content_font=&#8220;Lora||||||||&#8220; content_font_size=&#8220;22px&#8220; content_line_height=&#8220;2em&#8220; subhead_font=&#8220;Lora|700|||||||&#8220; subhead_font_size=&#8220;60px&#8220; subhead_line_height=&#8220;1.5em&#8220; background_color=&#8220;rgba(255,255,255,0)&#8220; background_image=&#8220;https:\/\/www.wiesenwunder.de\/wp-content\/uploads\/2020\/03\/IMG_3798-scaled.jpeg&#8220; custom_button_one=&#8220;on&#8220; button_one_text_size=&#8220;16px&#8220; button_one_text_color=&#8220;#ffffff&#8220; button_one_bg_color=&#8220;#d29f68&#8243; button_one_border_width=&#8220;15px&#8220; button_one_border_color=&#8220;rgba(210,159,104,0)&#8220; button_one_border_radius=&#8220;100px&#8220; button_one_letter_spacing=&#8220;3px&#8220; button_one_font=&#8220;Oswald|||on|||||&#8220; button_one_use_icon=&#8220;off&#8220; custom_button_two=&#8220;on&#8220; button_two_text_size=&#8220;16px&#8220; button_two_text_color=&#8220;#ffffff&#8220; button_two_bg_color=&#8220;rgba(255,255,255,0.35)&#8220; button_two_border_width=&#8220;15px&#8220; button_two_border_color=&#8220;rgba(0,0,0,0)&#8220; button_two_border_radius=&#8220;100px&#8220; button_two_letter_spacing=&#8220;3px&#8220; button_two_font=&#8220;Oswald|||on|||||&#8220; button_two_use_icon=&#8220;off&#8220; custom_margin=&#8220;|||&#8220; custom_padding=&#8220;90px||90px||true&#8220; animation_style=&#8220;zoom&#8220; animation_duration=&#8220;2000ms&#8220; animation_intensity_zoom=&#8220;4%&#8220; hover_enabled=&#8220;0&#8243; subhead_font_size_tablet=&#8220;&#8220; subhead_font_size_phone=&#8220;50px&#8220; subhead_font_size_last_edited=&#8220;on|desktop&#8220; button_one_border_radius_hover=&#8220;100px&#8220; button_one_bg_color_hover=&#8220;#cc8d66&#8243; button_two_bg_color_hover=&#8220;#d29f68&#8243; button_one_text_size__hover_enabled=&#8220;off&#8220; button_two_text_size__hover_enabled=&#8220;off&#8220; button_one_text_color__hover_enabled=&#8220;off&#8220; button_two_text_color__hover_enabled=&#8220;off&#8220; button_one_border_width__hover_enabled=&#8220;off&#8220; button_two_border_width__hover_enabled=&#8220;off&#8220; button_one_border_color__hover_enabled=&#8220;off&#8220; button_two_border_color__hover_enabled=&#8220;off&#8220; button_one_border_radius__hover_enabled=&#8220;on&#8220; button_one_border_radius__hover=&#8220;100px&#8220; button_two_border_radius__hover_enabled=&#8220;off&#8220; button_one_letter_spacing__hover_enabled=&#8220;off&#8220; button_two_letter_spacing__hover_enabled=&#8220;off&#8220; button_one_bg_color__hover_enabled=&#8220;on&#8220; button_one_bg_color__hover=&#8220;#cc8d66&#8243; button_two_bg_color__hover_enabled=&#8220;on&#8220; button_two_bg_color__hover=&#8220;#d29f68&#8243;]<\/p>\n<h1>Fortbildungen<\/h1>\n<p>[\/et_pb_fullwidth_header][\/et_pb_section][et_pb_section fb_built=&#8220;1&#8243; admin_label=&#8220;About Section&#8220; _builder_version=&#8220;4.4.1&#8243; background_color=&#8220;#edf000&#8243; custom_padding=&#8220;80px|0px|60px|0px|false|false&#8220; animation_style=&#8220;fold&#8220; animation_intensity_fold=&#8220;16%&#8220;][et_pb_row column_structure=&#8220;1_2,1_2&#8243; use_custom_gutter=&#8220;on&#8220; gutter_width=&#8220;1&#8243; make_equal=&#8220;on&#8220; admin_label=&#8220;Involvements Row&#8220; _builder_version=&#8220;4.5.3&#8243; max_width=&#8220;1280px&#8220; custom_margin=&#8220;|||&#8220; custom_padding=&#8220;0px|0px|0|0px|false|false&#8220; animation_style=&#8220;flip&#8220; animation_direction=&#8220;right&#8220; animation_intensity_flip=&#8220;40%&#8220; hover_enabled=&#8220;0&#8243; use_custom_width=&#8220;on&#8220; custom_width_px=&#8220;1280px&#8220; border_radii=&#8220;on|8px|8px|8px|8px&#8220; box_shadow_style=&#8220;preset2&#8243;][et_pb_column type=&#8220;1_2&#8243; _builder_version=&#8220;4.4.1&#8243; background_color=&#8220;#00aaad&#8220; custom_padding=&#8220;80px|5%|80px|5%&#8220; custom_padding__hover=&#8220;|||&#8220;][et_pb_text admin_label=&#8220;Involvement Title &#038; Description&#8220; _builder_version=&#8220;4.5.3&#8243; header_font=&#8220;||||||||&#8220; header_2_font=&#8220;||||||||&#8220; header_3_font=&#8220;Lora|700|||||||&#8220; header_3_font_size=&#8220;34px&#8220; header_3_line_height=&#8220;1.5em&#8220; header_5_font=&#8220;Oswald|||on|||||&#8220; header_5_text_color=&#8220;#d29f68&#8243; header_5_letter_spacing=&#8220;3px&#8220; header_5_line_height=&#8220;1.7em&#8220; background_layout=&#8220;dark&#8220; module_alignment=&#8220;center&#8220; custom_margin=&#8220;||30px|&#8220; hover_enabled=&#8220;0&#8243; text_line_height_last_edited=&#8220;off|desktop&#8220;]<\/p>\n<p style=\"text-align: justify;\"><span style=\"color: #ffffff;\">Raus in die Natur \u2013 Kinder sind gerne in der Natur, erleben Natur mit allen Sinnen.\u00a0Ein Aufenthalt in der Natur f\u00f6rdert und fordert zahlreiche F\u00e4higkeiten und Kompetenzen der Kinder.<\/span><\/p>\n<p style=\"text-align: justify;\"><span style=\"color: #ffffff;\">Wiesenwunder unterst\u00fctzt Sie und Ihr Team dabei, Gestaltungskompetenz an Kinder weiterzugeben. Damit ist die F\u00e4higkeit gemeint, in aktiver Teilhabe das eigene und das gesellschaftliche Leben im Sinne einer nachhaltigen Entwicklung zu beeinflussen.<\/span><\/p>\n<p style=\"text-align: justify;\"><span style=\"color: #ffffff;\">Die Fortbildungen haben das Ziel, allen TeilnehmerInnen eine Vielfalt von Methoden, Naturerlebnisspielen und Sachinformationen an die Hand zu geben, wie man mit Kindern Tage in der Natur ganzheitlich und sinnvoll verbringen kann.<\/span><\/p>\n<p style=\"text-align: justify;\"><span style=\"color: #ffffff;\">Das Wissen um die biologische Vielfalt wird gef\u00f6rdert und die TeilnehmerInnen werden ermutigt, Verantwortung f\u00fcr die nat\u00fcrlichen Lebensgrundlagen zu \u00fcbernehmen.<\/span><\/p>\n<p>[\/et_pb_text][et_pb_button button_text=&#8220;Anmeldung&#8220; _builder_version=&#8220;4.5.3&#8243; custom_button=&#8220;on&#8220; button_text_size=&#8220;16px&#8220; button_bg_color=&#8220;#ec008c&#8220; button_border_width=&#8220;15px&#8220; button_border_color=&#8220;rgba(210,159,104,0)&#8220; button_border_radius=&#8220;59px&#8220; button_letter_spacing=&#8220;3px&#8220; button_font=&#8220;Oswald|||on|||||&#8220; button_use_icon=&#8220;off&#8220; background_layout=&#8220;dark&#8220; custom_margin=&#8220;|||&#8220; hover_enabled=&#8220;0&#8243; button_bg_color_hover=&#8220;#cc8d66&#8243; button_text_size__hover_enabled=&#8220;off&#8220; button_one_text_size__hover_enabled=&#8220;off&#8220; button_two_text_size__hover_enabled=&#8220;off&#8220; button_text_color__hover_enabled=&#8220;off&#8220; button_one_text_color__hover_enabled=&#8220;off&#8220; button_two_text_color__hover_enabled=&#8220;off&#8220; button_border_width__hover_enabled=&#8220;off&#8220; button_one_border_width__hover_enabled=&#8220;off&#8220; button_two_border_width__hover_enabled=&#8220;off&#8220; button_border_color__hover_enabled=&#8220;off&#8220; button_one_border_color__hover_enabled=&#8220;off&#8220; button_two_border_color__hover_enabled=&#8220;off&#8220; button_border_radius__hover_enabled=&#8220;off&#8220; button_one_border_radius__hover_enabled=&#8220;off&#8220; button_two_border_radius__hover_enabled=&#8220;off&#8220; button_letter_spacing__hover_enabled=&#8220;off&#8220; button_one_letter_spacing__hover_enabled=&#8220;off&#8220; button_two_letter_spacing__hover_enabled=&#8220;off&#8220; button_bg_color__hover_enabled=&#8220;on&#8220; button_bg_color__hover=&#8220;#cc8d66&#8243; button_one_bg_color__hover_enabled=&#8220;off&#8220; button_two_bg_color__hover_enabled=&#8220;off&#8220; button_url=&#8220;mailto:info@wiesenwunder.de&#8220;][\/et_pb_button][\/et_pb_column][et_pb_column type=&#8220;1_2&#8243; _builder_version=&#8220;4.4.1&#8243; background_image=&#8220;https:\/\/www.wiesenwunder.de\/wp-content\/uploads\/2020\/03\/IMG_4676-scaled.jpeg&#8220; custom_padding=&#8220;80px|5%|80px|5%&#8220; custom_padding__hover=&#8220;|||&#8220;][et_pb_text admin_label=&#8220;Involvement Title &#038; Description&#8220; _builder_version=&#8220;4.4.1&#8243; text_font=&#8220;Lora||||||||&#8220; text_font_size=&#8220;18px&#8220; text_line_height=&#8220;2em&#8220; header_font=&#8220;||||||||&#8220; header_2_font=&#8220;||||||||&#8220; header_3_font=&#8220;Lora|700|||||||&#8220; header_3_font_size=&#8220;34px&#8220; header_3_line_height=&#8220;1.5em&#8220; header_5_font=&#8220;Oswald|||on|||||&#8220; header_5_text_color=&#8220;#d29f68&#8243; header_5_letter_spacing=&#8220;3px&#8220; header_5_line_height=&#8220;1.7em&#8220; module_alignment=&#8220;center&#8220; custom_margin=&#8220;||30px|&#8220; hover_enabled=&#8220;0&#8243; text_line_height_last_edited=&#8220;off|desktop&#8220; locked=&#8220;off&#8220;][\/et_pb_text][\/et_pb_column][\/et_pb_row][\/et_pb_section][et_pb_section fb_built=&#8220;1&#8243; admin_label=&#8220;footer&#8220; _builder_version=&#8220;4.4.1&#8243; background_color=&#8220;#edf000&#8243; top_divider_color=&#8220;#ec008c&#8220; top_divider_flip=&#8220;horizontal&#8220; bottom_divider_style=&#8220;ramp&#8220; bottom_divider_color=&#8220;#ec008c&#8220; bottom_divider_height=&#8220;65px&#8220; bottom_divider_flip=&#8220;horizontal&#8220; saved_tabs=&#8220;all&#8220; global_module=&#8220;1139&#8243;][et_pb_row column_structure=&#8220;1_2,1_2&#8243; _builder_version=&#8220;4.4.1&#8243;][et_pb_column type=&#8220;1_2&#8243; _builder_version=&#8220;4.4.1&#8243;][et_pb_text _builder_version=&#8220;4.4.1&#8243;]<\/p>\n<p style=\"text-align: center;\">Anke Schwanz<\/p>\n<p style=\"text-align: center;\">Jochim-Sahling-Weg 25<br \/> 22549 Hamburg<\/p>\n<p style=\"text-align: center;\"><a href=\"tel:+49 176 616 753 88\">+49 176 616 753 88<\/a><br \/> <a href=\"mailto:info@wiesenwunder.de\">info@wiesenwunder.de<\/a><\/p>\n<p>[\/et_pb_text][\/et_pb_column][et_pb_column type=&#8220;1_2&#8243; _builder_version=&#8220;4.4.1&#8243;][et_pb_text _builder_version=&#8220;4.5.3&#8243;]<\/p>\n<p style=\"text-align: center;\"><a href=\"\/Impressum\">Impressum<\/a><\/p>\n<p style=\"text-align: center;\"> <a href=\"\/Datenschutz\">Datenschutz<\/a><\/p>\n<p style=\"text-align: center;\"> <a href=\"h\/index.php\/kontakt\/\">Kontakt<\/a><\/p>\n<p>[\/et_pb_text][\/et_pb_column][\/et_pb_row][\/et_pb_section]<\/p>\n","protected":false},"excerpt":{"rendered":"<p>FortbildungenRaus in die Natur \u2013 Kinder sind gerne in der Natur, erleben Natur mit allen Sinnen.\u00a0Ein Aufenthalt in der Natur f\u00f6rdert und fordert zahlreiche F\u00e4higkeiten und Kompetenzen der Kinder. Wiesenwunder unterst\u00fctzt Sie und Ihr Team dabei, Gestaltungskompetenz an Kinder weiterzugeben. Damit ist die F\u00e4higkeit gemeint, in aktiver Teilhabe das eigene und das gesellschaftliche Leben im [&hellip;]<\/p>\n","protected":false},"author":3,"featured_media":0,"parent":0,"menu_order":0,"comment_status":"closed","ping_status":"closed","template":"","meta":{"_et_pb_use_builder":"on","_et_pb_old_content":"","_et_gb_content_width":"","footnotes":""},"yoast_head":"<!-- This site is optimized with the Yoast SEO plugin v20.10 - https:\/\/yoast.com\/wordpress\/plugins\/seo\/ -->\n<title>Fortbildungen - Wiesenwunder<\/title>\n<meta name=\"robots\" content=\"index, follow, max-snippet:-1, max-image-preview:large, max-video-preview:-1\" \/>\n<link rel=\"canonical\" href=\"https:\/\/www.wiesenwunder.de\/index.php\/fortbildungen\/\" \/>\n<meta property=\"og:locale\" content=\"de_DE\" \/>\n<meta property=\"og:type\" content=\"article\" \/>\n<meta property=\"og:title\" content=\"Fortbildungen - Wiesenwunder\" \/>\n<meta property=\"og:description\" content=\"FortbildungenRaus in die Natur \u2013 Kinder sind gerne in der Natur, erleben Natur mit allen Sinnen.\u00a0Ein Aufenthalt in der Natur f\u00f6rdert und fordert zahlreiche F\u00e4higkeiten und Kompetenzen der Kinder. Wiesenwunder unterst\u00fctzt Sie und Ihr Team dabei, Gestaltungskompetenz an Kinder weiterzugeben. Damit ist die F\u00e4higkeit gemeint, in aktiver Teilhabe das eigene und das gesellschaftliche Leben im [&hellip;]\" \/>\n<meta property=\"og:url\" content=\"https:\/\/www.wiesenwunder.de\/index.php\/fortbildungen\/\" \/>\n<meta property=\"og:site_name\" content=\"Wiesenwunder\" \/>\n<meta property=\"article:modified_time\" content=\"2020-08-05T14:45:29+00:00\" \/>\n<meta name=\"twitter:card\" content=\"summary_large_image\" \/>\n<meta name=\"twitter:label1\" content=\"Gesch\u00e4tzte Lesezeit\" \/>\n\t<meta name=\"twitter:data1\" content=\"5\u00a0Minuten\" \/>\n<script type=\"application\/ld+json\" class=\"yoast-schema-graph\">{\"@context\":\"https:\/\/schema.org\",\"@graph\":[{\"@type\":\"WebPage\",\"@id\":\"https:\/\/www.wiesenwunder.de\/index.php\/fortbildungen\/\",\"url\":\"https:\/\/www.wiesenwunder.de\/index.php\/fortbildungen\/\",\"name\":\"Fortbildungen - Wiesenwunder\",\"isPartOf\":{\"@id\":\"https:\/\/www.wiesenwunder.de\/#website\"},\"datePublished\":\"2020-03-23T11:10:48+00:00\",\"dateModified\":\"2020-08-05T14:45:29+00:00\",\"breadcrumb\":{\"@id\":\"https:\/\/www.wiesenwunder.de\/index.php\/fortbildungen\/#breadcrumb\"},\"inLanguage\":\"de\",\"potentialAction\":[{\"@type\":\"ReadAction\",\"target\":[\"https:\/\/www.wiesenwunder.de\/index.php\/fortbildungen\/\"]}]},{\"@type\":\"BreadcrumbList\",\"@id\":\"https:\/\/www.wiesenwunder.de\/index.php\/fortbildungen\/#breadcrumb\",\"itemListElement\":[{\"@type\":\"ListItem\",\"position\":1,\"name\":\"Home\",\"item\":\"https:\/\/www.wiesenwunder.de\/\"},{\"@type\":\"ListItem\",\"position\":2,\"name\":\"Fortbildungen\"}]},{\"@type\":\"WebSite\",\"@id\":\"https:\/\/www.wiesenwunder.de\/#website\",\"url\":\"https:\/\/www.wiesenwunder.de\/\",\"name\":\"Wiesenwunder\",\"description\":\"Raus in die Natur\",\"potentialAction\":[{\"@type\":\"SearchAction\",\"target\":{\"@type\":\"EntryPoint\",\"urlTemplate\":\"https:\/\/www.wiesenwunder.de\/?s={search_term_string}\"},\"query-input\":\"required name=search_term_string\"}],\"inLanguage\":\"de\"}]}<\/script>\n<!-- \/ Yoast SEO plugin. -->","yoast_head_json":{"title":"Fortbildungen - Wiesenwunder","robots":{"index":"index","follow":"follow","max-snippet":"max-snippet:-1","max-image-preview":"max-image-preview:large","max-video-preview":"max-video-preview:-1"},"canonical":"https:\/\/www.wiesenwunder.de\/index.php\/fortbildungen\/","og_locale":"de_DE","og_type":"article","og_title":"Fortbildungen - Wiesenwunder","og_description":"FortbildungenRaus in die Natur \u2013 Kinder sind gerne in der Natur, erleben Natur mit allen Sinnen.\u00a0Ein Aufenthalt in der Natur f\u00f6rdert und fordert zahlreiche F\u00e4higkeiten und Kompetenzen der Kinder. Wiesenwunder unterst\u00fctzt Sie und Ihr Team dabei, Gestaltungskompetenz an Kinder weiterzugeben. Damit ist die F\u00e4higkeit gemeint, in aktiver Teilhabe das eigene und das gesellschaftliche Leben im [&hellip;]","og_url":"https:\/\/www.wiesenwunder.de\/index.php\/fortbildungen\/","og_site_name":"Wiesenwunder","article_modified_time":"2020-08-05T14:45:29+00:00","twitter_card":"summary_large_image","twitter_misc":{"Gesch\u00e4tzte Lesezeit":"5\u00a0Minuten"},"schema":{"@context":"https:\/\/schema.org","@graph":[{"@type":"WebPage","@id":"https:\/\/www.wiesenwunder.de\/index.php\/fortbildungen\/","url":"https:\/\/www.wiesenwunder.de\/index.php\/fortbildungen\/","name":"Fortbildungen - Wiesenwunder","isPartOf":{"@id":"https:\/\/www.wiesenwunder.de\/#website"},"datePublished":"2020-03-23T11:10:48+00:00","dateModified":"2020-08-05T14:45:29+00:00","breadcrumb":{"@id":"https:\/\/www.wiesenwunder.de\/index.php\/fortbildungen\/#breadcrumb"},"inLanguage":"de","potentialAction":[{"@type":"ReadAction","target":["https:\/\/www.wiesenwunder.de\/index.php\/fortbildungen\/"]}]},{"@type":"BreadcrumbList","@id":"https:\/\/www.wiesenwunder.de\/index.php\/fortbildungen\/#breadcrumb","itemListElement":[{"@type":"ListItem","position":1,"name":"Home","item":"https:\/\/www.wiesenwunder.de\/"},{"@type":"ListItem","position":2,"name":"Fortbildungen"}]},{"@type":"WebSite","@id":"https:\/\/www.wiesenwunder.de\/#website","url":"https:\/\/www.wiesenwunder.de\/","name":"Wiesenwunder","description":"Raus in die Natur","potentialAction":[{"@type":"SearchAction","target":{"@type":"EntryPoint","urlTemplate":"https:\/\/www.wiesenwunder.de\/?s={search_term_string}"},"query-input":"required name=search_term_string"}],"inLanguage":"de"}]}},"_links":{"self":[{"href":"https:\/\/www.wiesenwunder.de\/index.php\/wp-json\/wp\/v2\/pages\/290"}],"collection":[{"href":"https:\/\/www.wiesenwunder.de\/index.php\/wp-json\/wp\/v2\/pages"}],"about":[{"href":"https:\/\/www.wiesenwunder.de\/index.php\/wp-json\/wp\/v2\/types\/page"}],"author":[{"embeddable":true,"href":"https:\/\/www.wiesenwunder.de\/index.php\/wp-json\/wp\/v2\/users\/3"}],"replies":[{"embeddable":true,"href":"https:\/\/www.wiesenwunder.de\/index.php\/wp-json\/wp\/v2\/comments?post=290"}],"version-history":[{"count":11,"href":"https:\/\/www.wiesenwunder.de\/index.php\/wp-json\/wp\/v2\/pages\/290\/revisions"}],"predecessor-version":[{"id":1289,"href":"https:\/\/www.wiesenwunder.de\/index.php\/wp-json\/wp\/v2\/pages\/290\/revisions\/1289"}],"wp:attachment":[{"href":"https:\/\/www.wiesenwunder.de\/index.php\/wp-json\/wp\/v2\/media?parent=290"}],"curies":[{"name":"wp","href":"https:\/\/api.w.org\/{rel}","templated":true}]}}