{"id":280,"date":"2020-03-23T11:09:00","date_gmt":"2020-03-23T11:09:00","guid":{"rendered":"https:\/\/www.wiesenwunder.de\/?page_id=280"},"modified":"2021-09-16T14:20:43","modified_gmt":"2021-09-16T14:20:43","slug":"naturerleben-mit-kindern","status":"publish","type":"page","link":"https:\/\/www.wiesenwunder.de\/index.php\/naturerleben-mit-kindern\/","title":{"rendered":"Naturerleben mit Kindern"},"content":{"rendered":"<p>[et_pb_section fb_built=&#8220;1&#8243; fullwidth=&#8220;on&#8220; admin_label=&#8220;Header Section&#8220; _builder_version=&#8220;4.5.3&#8243; background_color=&#8220;#edf000&#8243; bottom_divider_style=&#8220;ramp&#8220; bottom_divider_color=&#8220;#edf000&#8243; bottom_divider_flip=&#8220;horizontal&#8220; global_colors_info=&#8220;{}&#8220;][et_pb_fullwidth_header text_orientation=&#8220;center&#8220; content_max_width=&#8220;640px&#8220; _builder_version=&#8220;4.5.3&#8243; title_font=&#8220;Oswald|||on|||||&#8220; title_font_size=&#8220;20px&#8220; title_letter_spacing=&#8220;3px&#8220; title_line_height=&#8220;1.5em&#8220; content_font=&#8220;Lora||||||||&#8220; content_font_size=&#8220;22px&#8220; content_line_height=&#8220;2em&#8220; subhead_font=&#8220;Lora|700|||||||&#8220; subhead_font_size=&#8220;60px&#8220; subhead_line_height=&#8220;1.5em&#8220; background_color=&#8220;rgba(255,255,255,0)&#8220; background_image=&#8220;https:\/\/www.wiesenwunder.de\/wp-content\/uploads\/2020\/03\/IMG_7674-scaled.jpeg&#8220; custom_button_one=&#8220;on&#8220; button_one_text_size=&#8220;16px&#8220; button_one_text_color=&#8220;#ffffff&#8220; button_one_bg_color=&#8220;#d29f68&#8243; button_one_border_width=&#8220;15px&#8220; button_one_border_color=&#8220;rgba(210,159,104,0)&#8220; button_one_border_radius=&#8220;100px&#8220; button_one_letter_spacing=&#8220;3px&#8220; button_one_font=&#8220;Oswald|||on|||||&#8220; button_one_use_icon=&#8220;off&#8220; custom_button_two=&#8220;on&#8220; button_two_text_size=&#8220;16px&#8220; button_two_text_color=&#8220;#ffffff&#8220; button_two_bg_color=&#8220;rgba(255,255,255,0.35)&#8220; button_two_border_width=&#8220;15px&#8220; button_two_border_color=&#8220;rgba(0,0,0,0)&#8220; button_two_border_radius=&#8220;100px&#8220; button_two_letter_spacing=&#8220;3px&#8220; button_two_font=&#8220;Oswald|||on|||||&#8220; button_two_use_icon=&#8220;off&#8220; custom_margin=&#8220;|||&#8220; custom_padding=&#8220;90px||90px||true&#8220; animation_style=&#8220;zoom&#8220; animation_duration=&#8220;2000ms&#8220; animation_intensity_zoom=&#8220;4%&#8220; subhead_font_size_tablet=&#8220;&#8220; subhead_font_size_phone=&#8220;50px&#8220; subhead_font_size_last_edited=&#8220;on|desktop&#8220; button_one_border_radius_hover=&#8220;100px&#8220; button_one_bg_color_hover=&#8220;#cc8d66&#8243; button_two_bg_color_hover=&#8220;#d29f68&#8243; global_colors_info=&#8220;{}&#8220; button_one_text_size__hover_enabled=&#8220;off&#8220; button_two_text_size__hover_enabled=&#8220;off&#8220; button_one_text_color__hover_enabled=&#8220;off&#8220; button_two_text_color__hover_enabled=&#8220;off&#8220; button_one_border_width__hover_enabled=&#8220;off&#8220; button_two_border_width__hover_enabled=&#8220;off&#8220; button_one_border_color__hover_enabled=&#8220;off&#8220; button_two_border_color__hover_enabled=&#8220;off&#8220; button_one_border_radius__hover_enabled=&#8220;on&#8220; button_one_border_radius__hover=&#8220;100px&#8220; button_two_border_radius__hover_enabled=&#8220;off&#8220; button_one_letter_spacing__hover_enabled=&#8220;off&#8220; button_two_letter_spacing__hover_enabled=&#8220;off&#8220; button_one_bg_color__hover_enabled=&#8220;on&#8220; button_one_bg_color__hover=&#8220;#cc8d66&#8243; button_two_bg_color__hover_enabled=&#8220;on&#8220; button_two_bg_color__hover=&#8220;#d29f68&#8243;]<\/p>\n<h1>Naturerleben mit Kindern<\/h1>\n<p>[\/et_pb_fullwidth_header][\/et_pb_section][et_pb_section fb_built=&#8220;1&#8243; specialty=&#8220;on&#8220; _builder_version=&#8220;4.10.7&#8243; background_color=&#8220;#edf000&#8243; inner_max_width=&#8220;2000px&#8220; hover_enabled=&#8220;0&#8243; global_colors_info=&#8220;{}&#8220; make_equal=&#8220;on&#8220; sticky_enabled=&#8220;0&#8243; custom_css_main_1=&#8220;    display: flex;||    align-items: center;&#8220;][et_pb_column type=&#8220;1_2&#8243; _builder_version=&#8220;3.25&#8243; custom_padding=&#8220;|||&#8220; global_colors_info=&#8220;{}&#8220; custom_padding__hover=&#8220;|||&#8220;][et_pb_text _builder_version=&#8220;4.10.7&#8243; text_font=&#8220;||||||||&#8220; header_font=&#8220;||||||||&#8220; header_2_font=&#8220;Lora|700|||||||&#8220; header_2_font_size=&#8220;50px&#8220; header_2_line_height=&#8220;1.5em&#8220; header_5_font=&#8220;Oswald|||on|||||&#8220; header_5_text_color=&#8220;rgba(255,255,255,0.4)&#8220; header_5_font_size=&#8220;20px&#8220; header_5_letter_spacing=&#8220;3px&#8220; header_5_line_height=&#8220;1.7em&#8220; background_color=&#8220;#00aaad&#8220; background_layout=&#8220;dark&#8220; max_width=&#8220;800px&#8220; module_alignment=&#8220;center&#8220; custom_padding=&#8220;40px|40px|40px|40px|false|false&#8220; hover_enabled=&#8220;0&#8243; text_line_height_last_edited=&#8220;off|desktop&#8220; header_2_font_size_tablet=&#8220;&#8220; header_2_font_size_phone=&#8220;36px&#8220; header_2_font_size_last_edited=&#8220;on|desktop&#8220; border_radii=&#8220;on|8px|8px|8px|8px&#8220; box_shadow_style=&#8220;preset2&#8243; global_colors_info=&#8220;{}&#8220; custom_margin=&#8220;0px||||false|false&#8220; sticky_enabled=&#8220;0&#8243; custom_css_main_element=&#8220;vertical-align:middle;||&#8220;]<\/p>\n<h3 style=\"text-align: center; color: #808080;\">NATURERLEBEN MIT KINDERN IN DEN JAHRESZEITEN<\/h3>\n<p style=\"color: #fff;\">Mit Kindern die Natur zu erforschen macht gro\u00dfen Spa\u00df.<\/p>\n<p style=\"text-align: justify; color: #fff;\">Sie m\u00f6chten mit Ihren KiTa- oder Grundschulkindern besondere Naturmomente erleben und haben im KiTa- bzw. Schulalltag zu wenig Zeit sich eingehend mit der umfassenden Literatur f\u00fcr spannende und wissenswerte Aktionen auseinanderzusetzen.<\/p>\n<p style=\"text-align: justify; color: #fff;\">Ich biete Ihnen und Ihren Kindern ein umfassendes Projektangebot \u00fcber die heimische Flora und Fauna im Wechsel der Jahreszeiten, von einzelnen Themen und Tagen \u00fcber Projektwochen bis hin zu jahresbegleitenden Kursen.<\/p>\n<p style=\"text-align: justify; color: #fff;\">Dies geschieht vor der eigenen Haust\u00fcr, auf dem KiTa- oder Schulgel\u00e4nde, in der n\u00e4heren Umgebung oder auf kleineren Exkursionen. M\u00f6gliche Ziele sind der Jenischpark, das Niendorfer Gehege, der Volkspark, das NSG H\u00f6ltigbaum u.v.m..<\/p>\n<p style=\"text-align: justify; color: #fff;\">Ideen und Vorschl\u00e4ge k\u00f6nnen jederzeit aufgenommen und individuell an die Gruppe angepasst werden.<\/p>\n<p>[\/et_pb_text][\/et_pb_column][et_pb_column type=&#8220;1_2&#8243; specialty_columns=&#8220;2&#8243; _builder_version=&#8220;3.25&#8243; custom_padding=&#8220;|||&#8220; global_colors_info=&#8220;{}&#8220; custom_padding__hover=&#8220;|||&#8220;][et_pb_row_inner _builder_version=&#8220;4.10.7&#8243; hover_enabled=&#8220;0&#8243; global_colors_info=&#8220;{}&#8220; make_equal=&#8220;on&#8220; sticky_enabled=&#8220;0&#8243;][et_pb_column_inner saved_specialty_column_type=&#8220;1_2&#8243; _builder_version=&#8220;4.4.1&#8243; global_colors_info=&#8220;{}&#8220;][et_pb_text _builder_version=&#8220;4.5.3&#8243; width=&#8220;100%&#8220; global_colors_info=&#8220;{}&#8220;]<\/p>\n<h3 style=\"text-align: center;color: #808080;\">Beispiele f\u00fcr Naturerlebnisaktionen<\/h3>\n<p>[\/et_pb_text][\/et_pb_column_inner][\/et_pb_row_inner][et_pb_row_inner column_structure=&#8220;1_2,1_2&#8243; _builder_version=&#8220;4.10.7&#8243; hover_enabled=&#8220;0&#8243; global_colors_info=&#8220;{}&#8220; make_equal=&#8220;on&#8220; sticky_enabled=&#8220;0&#8243;][et_pb_column_inner type=&#8220;1_2&#8243; saved_specialty_column_type=&#8220;1_2&#8243; _builder_version=&#8220;4.10.7&#8243; global_colors_info=&#8220;{}&#8220;][et_pb_blurb title=&#8220;Fr\u00fchling&#8220; image=&#8220;https:\/\/www.wiesenwunder.de\/wp-content\/uploads\/2021\/09\/fru\u0308hling.jpg&#8220; image_max_width=&#8220;50%&#8220; _builder_version=&#8220;4.10.7&#8243; header_font=&#8220;Oswald|||on|||||&#8220; header_text_align=&#8220;center&#8220; header_text_color=&#8220;#6b6b6b&#8220; header_letter_spacing=&#8220;3px&#8220; header_line_height=&#8220;1.7em&#8220; body_font=&#8220;Lora||||||||&#8220; body_font_size=&#8220;18px&#8220; body_line_height=&#8220;2em&#8220; text_orientation=&#8220;center&#8220; background_layout=&#8220;dark&#8220; animation_style=&#8220;fade&#8220; animation=&#8220;off&#8220; hover_enabled=&#8220;0&#8243; border_radii_image=&#8220;on|50%|50%|50%|50%&#8220; global_colors_info=&#8220;{}&#8220; sticky_enabled=&#8220;0&#8243;]<\/p>\n<ul>\n<li style=\"text-align: left; color: #808080;\">Was bl\u00fcht denn da?<\/li>\n<li style=\"text-align: left; color: #808080;\">Essbares &#8211; Frische Kr\u00e4uter aus der Natur<\/li>\n<\/ul>\n<p>[\/et_pb_blurb][\/et_pb_column_inner][et_pb_column_inner type=&#8220;1_2&#8243; saved_specialty_column_type=&#8220;1_2&#8243; _builder_version=&#8220;4.4.1&#8243; global_colors_info=&#8220;{}&#8220;][et_pb_blurb title=&#8220;Sommer&#8220; image=&#8220;https:\/\/www.wiesenwunder.de\/wp-content\/uploads\/2021\/09\/sommer.jpg&#8220; image_max_width=&#8220;50%&#8220; _builder_version=&#8220;4.10.7&#8243; header_font=&#8220;Oswald|||on|||||&#8220; header_text_align=&#8220;center&#8220; header_text_color=&#8220;#6b6b6b&#8220; header_letter_spacing=&#8220;3px&#8220; header_line_height=&#8220;1.7em&#8220; body_font=&#8220;Lora||||||||&#8220; body_font_size=&#8220;18px&#8220; body_line_height=&#8220;2em&#8220; text_orientation=&#8220;center&#8220; background_layout=&#8220;dark&#8220; animation_style=&#8220;fade&#8220; animation=&#8220;off&#8220; hover_enabled=&#8220;0&#8243; border_radii_image=&#8220;on|50%|50%|50%|50%&#8220; global_colors_info=&#8220;{}&#8220; sticky_enabled=&#8220;0&#8243;]<\/p>\n<ul>\n<li style=\"text-align: left; color: #808080;\">Wiesenwunder<\/li>\n<li style=\"text-align: left; color: #808080;\">Alles Leben braucht Wasser<\/li>\n<\/ul>\n<p>[\/et_pb_blurb][\/et_pb_column_inner][\/et_pb_row_inner][et_pb_row_inner column_structure=&#8220;1_2,1_2&#8243; _builder_version=&#8220;4.10.7&#8243; hover_enabled=&#8220;0&#8243; global_colors_info=&#8220;{}&#8220; make_equal=&#8220;on&#8220; sticky_enabled=&#8220;0&#8243;][et_pb_column_inner type=&#8220;1_2&#8243; saved_specialty_column_type=&#8220;1_2&#8243; _builder_version=&#8220;4.10.7&#8243; global_colors_info=&#8220;{}&#8220;][et_pb_blurb title=&#8220;Herbst&#8220; image=&#8220;https:\/\/www.wiesenwunder.de\/wp-content\/uploads\/2021\/09\/herbst-neu.jpg&#8220; image_max_width=&#8220;50%&#8220; _builder_version=&#8220;4.10.7&#8243; header_font=&#8220;Oswald|||on|||||&#8220; header_text_align=&#8220;center&#8220; header_text_color=&#8220;#6b6b6b&#8220; header_letter_spacing=&#8220;3px&#8220; header_line_height=&#8220;1.7em&#8220; body_font=&#8220;Lora||||||||&#8220; body_font_size=&#8220;18px&#8220; body_line_height=&#8220;2em&#8220; text_orientation=&#8220;center&#8220; background_layout=&#8220;dark&#8220; animation_style=&#8220;fade&#8220; animation=&#8220;off&#8220; hover_enabled=&#8220;0&#8243; border_radii_image=&#8220;on|50%|50%|50%|50%&#8220; global_colors_info=&#8220;{}&#8220; sticky_enabled=&#8220;0&#8243; title_text=&#8220;herbst neu&#8220;]<\/p>\n<ul>\n<li style=\"text-align: left; color: #808080;\">B\u00e4ume &#8211; Riesen unserer Heimat<\/li>\n<li style=\"text-align: left; color: #808080;\">Farben der Natur<\/li>\n<\/ul>\n<p>[\/et_pb_blurb][\/et_pb_column_inner][et_pb_column_inner type=&#8220;1_2&#8243; saved_specialty_column_type=&#8220;1_2&#8243; _builder_version=&#8220;4.4.1&#8243; global_colors_info=&#8220;{}&#8220;][et_pb_blurb title=&#8220;Winter&#8220; image=&#8220;https:\/\/www.wiesenwunder.de\/wp-content\/uploads\/2021\/09\/winter.jpg&#8220; image_max_width=&#8220;50%&#8220; _builder_version=&#8220;4.10.7&#8243; header_font=&#8220;Oswald|||on|||||&#8220; header_text_align=&#8220;center&#8220; header_text_color=&#8220;#6b6b6b&#8220; header_letter_spacing=&#8220;3px&#8220; header_line_height=&#8220;1.7em&#8220; body_font=&#8220;Lora||||||||&#8220; body_font_size=&#8220;18px&#8220; body_line_height=&#8220;2em&#8220; text_orientation=&#8220;center&#8220; background_layout=&#8220;dark&#8220; animation_style=&#8220;fade&#8220; animation=&#8220;off&#8220; hover_enabled=&#8220;0&#8243; border_radii_image=&#8220;on|75%|75%|75%|75%&#8220; global_colors_info=&#8220;{}&#8220; sticky_enabled=&#8220;0&#8243;]<\/p>\n<ul>\n<li style=\"text-align: left; color: #808080;\">Wer schnarcht denn da &#8211; oder was machen die Tiere im Winter?<\/li>\n<li style=\"text-align: left; color: #808080;\">Feuriges &#8211; Experimente mit dem Element Feuer<\/li>\n<\/ul>\n<p>[\/et_pb_blurb][\/et_pb_column_inner][\/et_pb_row_inner][\/et_pb_column][\/et_pb_section][et_pb_section fb_built=&#8220;1&#8243; _builder_version=&#8220;4.5.3&#8243; _module_preset=&#8220;default&#8220; background_image=&#8220;https:\/\/www.wiesenwunder.de\/wp-content\/uploads\/2020\/03\/IMG_1543-1.jpeg&#8220; parallax=&#8220;on&#8220; min_height=&#8220;399px&#8220; top_divider_style=&#8220;ramp&#8220; top_divider_color=&#8220;#edf000&#8243; top_divider_flip=&#8220;horizontal&#8220; global_colors_info=&#8220;{}&#8220;][et_pb_row _builder_version=&#8220;4.5.3&#8243; _module_preset=&#8220;default&#8220; global_colors_info=&#8220;{}&#8220;][et_pb_column type=&#8220;4_4&#8243; _builder_version=&#8220;4.5.3&#8243; _module_preset=&#8220;default&#8220; global_colors_info=&#8220;{}&#8220;][et_pb_text _builder_version=&#8220;4.5.3&#8243; _module_preset=&#8220;default&#8220; background_enable_image=&#8220;off&#8220; parallax=&#8220;on&#8220; global_colors_info=&#8220;{}&#8220;][\/et_pb_text][\/et_pb_column][\/et_pb_row][\/et_pb_section][et_pb_section fb_built=&#8220;1&#8243; admin_label=&#8220;footer&#8220; _builder_version=&#8220;4.4.1&#8243; background_color=&#8220;#edf000&#8243; top_divider_style=&#8220;ramp&#8220; top_divider_color=&#8220;#ec008c&#8220; top_divider_height=&#8220;18px&#8220; top_divider_flip=&#8220;horizontal&#8220; bottom_divider_style=&#8220;ramp&#8220; bottom_divider_color=&#8220;#ec008c&#8220; bottom_divider_height=&#8220;65px&#8220; bottom_divider_flip=&#8220;horizontal&#8220; global_module=&#8220;1139&#8243; saved_tabs=&#8220;all&#8220; global_colors_info=&#8220;{}&#8220;][et_pb_row column_structure=&#8220;1_2,1_2&#8243; _builder_version=&#8220;4.4.1&#8243; global_colors_info=&#8220;{}&#8220;][et_pb_column type=&#8220;1_2&#8243; _builder_version=&#8220;4.4.1&#8243; global_colors_info=&#8220;{}&#8220;][et_pb_text _builder_version=&#8220;4.4.1&#8243; global_colors_info=&#8220;{}&#8220;]<\/p>\n<p style=\"text-align: center;\">Anke Schwanz<\/p>\n<p style=\"text-align: center;\">Jochim-Sahling-Weg 25<br \/> 22549 Hamburg<\/p>\n<p style=\"text-align: center;\"><a href=\"tel:+49 176 616 753 88\">+49 176 616 753 88<\/a><br \/> <a href=\"mailto:info@wiesenwunder.de\">info@wiesenwunder.de<\/a><\/p>\n<p>[\/et_pb_text][\/et_pb_column][et_pb_column type=&#8220;1_2&#8243; _builder_version=&#8220;4.4.1&#8243; global_colors_info=&#8220;{}&#8220;][et_pb_text admin_label=&#8220;Text&#8220; _builder_version=&#8220;4.7.7&#8243; global_colors_info=&#8220;{}&#8220;]<\/p>\n<p style=\"text-align: center;\"><a href=\"\/index.php\/impressum\/\">Impressum<\/a><\/p>\n<p style=\"text-align: center;\"> <a href=\"\/index.php\/datenschutz\">Datenschutz<\/a><\/p>\n<p style=\"text-align: center;\"> <a href=\"\/index.php\/kontakt\/\">Kontakt<\/a><\/p>\n<p>[\/et_pb_text][\/et_pb_column][\/et_pb_row][\/et_pb_section]<\/p>\n","protected":false},"excerpt":{"rendered":"<p>Naturerleben mit KindernNATURERLEBEN MIT KINDERN IN DEN JAHRESZEITEN Mit Kindern die Natur zu erforschen macht gro\u00dfen Spa\u00df. Sie m\u00f6chten mit Ihren KiTa- oder Grundschulkindern besondere Naturmomente erleben und haben im KiTa- bzw. Schulalltag zu wenig Zeit sich eingehend mit der umfassenden Literatur f\u00fcr spannende und wissenswerte Aktionen auseinanderzusetzen. Ich biete Ihnen und Ihren Kindern ein [&hellip;]<\/p>\n","protected":false},"author":3,"featured_media":0,"parent":0,"menu_order":0,"comment_status":"closed","ping_status":"closed","template":"","meta":{"_et_pb_use_builder":"on","_et_pb_old_content":"","_et_gb_content_width":"","footnotes":""},"yoast_head":"<!-- This site is optimized with the Yoast SEO plugin v20.10 - https:\/\/yoast.com\/wordpress\/plugins\/seo\/ -->\n<title>Naturerleben mit Kindern - Wiesenwunder<\/title>\n<meta name=\"robots\" content=\"index, follow, max-snippet:-1, max-image-preview:large, max-video-preview:-1\" \/>\n<link rel=\"canonical\" href=\"https:\/\/www.wiesenwunder.de\/index.php\/naturerleben-mit-kindern\/\" \/>\n<meta property=\"og:locale\" content=\"de_DE\" \/>\n<meta property=\"og:type\" content=\"article\" \/>\n<meta property=\"og:title\" content=\"Naturerleben mit Kindern - Wiesenwunder\" \/>\n<meta property=\"og:description\" content=\"Naturerleben mit KindernNATURERLEBEN MIT KINDERN IN DEN JAHRESZEITEN Mit Kindern die Natur zu erforschen macht gro\u00dfen Spa\u00df. Sie m\u00f6chten mit Ihren KiTa- oder Grundschulkindern besondere Naturmomente erleben und haben im KiTa- bzw. Schulalltag zu wenig Zeit sich eingehend mit der umfassenden Literatur f\u00fcr spannende und wissenswerte Aktionen auseinanderzusetzen. Ich biete Ihnen und Ihren Kindern ein [&hellip;]\" \/>\n<meta property=\"og:url\" content=\"https:\/\/www.wiesenwunder.de\/index.php\/naturerleben-mit-kindern\/\" \/>\n<meta property=\"og:site_name\" content=\"Wiesenwunder\" \/>\n<meta property=\"article:modified_time\" content=\"2021-09-16T14:20:43+00:00\" \/>\n<meta name=\"twitter:card\" content=\"summary_large_image\" \/>\n<meta name=\"twitter:label1\" content=\"Gesch\u00e4tzte Lesezeit\" \/>\n\t<meta name=\"twitter:data1\" content=\"7\u00a0Minuten\" \/>\n<script type=\"application\/ld+json\" class=\"yoast-schema-graph\">{\"@context\":\"https:\/\/schema.org\",\"@graph\":[{\"@type\":\"WebPage\",\"@id\":\"https:\/\/www.wiesenwunder.de\/index.php\/naturerleben-mit-kindern\/\",\"url\":\"https:\/\/www.wiesenwunder.de\/index.php\/naturerleben-mit-kindern\/\",\"name\":\"Naturerleben mit Kindern - Wiesenwunder\",\"isPartOf\":{\"@id\":\"https:\/\/www.wiesenwunder.de\/#website\"},\"datePublished\":\"2020-03-23T11:09:00+00:00\",\"dateModified\":\"2021-09-16T14:20:43+00:00\",\"breadcrumb\":{\"@id\":\"https:\/\/www.wiesenwunder.de\/index.php\/naturerleben-mit-kindern\/#breadcrumb\"},\"inLanguage\":\"de\",\"potentialAction\":[{\"@type\":\"ReadAction\",\"target\":[\"https:\/\/www.wiesenwunder.de\/index.php\/naturerleben-mit-kindern\/\"]}]},{\"@type\":\"BreadcrumbList\",\"@id\":\"https:\/\/www.wiesenwunder.de\/index.php\/naturerleben-mit-kindern\/#breadcrumb\",\"itemListElement\":[{\"@type\":\"ListItem\",\"position\":1,\"name\":\"Home\",\"item\":\"https:\/\/www.wiesenwunder.de\/\"},{\"@type\":\"ListItem\",\"position\":2,\"name\":\"Naturerleben mit Kindern\"}]},{\"@type\":\"WebSite\",\"@id\":\"https:\/\/www.wiesenwunder.de\/#website\",\"url\":\"https:\/\/www.wiesenwunder.de\/\",\"name\":\"Wiesenwunder\",\"description\":\"Raus in die Natur\",\"potentialAction\":[{\"@type\":\"SearchAction\",\"target\":{\"@type\":\"EntryPoint\",\"urlTemplate\":\"https:\/\/www.wiesenwunder.de\/?s={search_term_string}\"},\"query-input\":\"required name=search_term_string\"}],\"inLanguage\":\"de\"}]}<\/script>\n<!-- \/ Yoast SEO plugin. -->","yoast_head_json":{"title":"Naturerleben mit Kindern - Wiesenwunder","robots":{"index":"index","follow":"follow","max-snippet":"max-snippet:-1","max-image-preview":"max-image-preview:large","max-video-preview":"max-video-preview:-1"},"canonical":"https:\/\/www.wiesenwunder.de\/index.php\/naturerleben-mit-kindern\/","og_locale":"de_DE","og_type":"article","og_title":"Naturerleben mit Kindern - Wiesenwunder","og_description":"Naturerleben mit KindernNATURERLEBEN MIT KINDERN IN DEN JAHRESZEITEN Mit Kindern die Natur zu erforschen macht gro\u00dfen Spa\u00df. Sie m\u00f6chten mit Ihren KiTa- oder Grundschulkindern besondere Naturmomente erleben und haben im KiTa- bzw. Schulalltag zu wenig Zeit sich eingehend mit der umfassenden Literatur f\u00fcr spannende und wissenswerte Aktionen auseinanderzusetzen. Ich biete Ihnen und Ihren Kindern ein [&hellip;]","og_url":"https:\/\/www.wiesenwunder.de\/index.php\/naturerleben-mit-kindern\/","og_site_name":"Wiesenwunder","article_modified_time":"2021-09-16T14:20:43+00:00","twitter_card":"summary_large_image","twitter_misc":{"Gesch\u00e4tzte Lesezeit":"7\u00a0Minuten"},"schema":{"@context":"https:\/\/schema.org","@graph":[{"@type":"WebPage","@id":"https:\/\/www.wiesenwunder.de\/index.php\/naturerleben-mit-kindern\/","url":"https:\/\/www.wiesenwunder.de\/index.php\/naturerleben-mit-kindern\/","name":"Naturerleben mit Kindern - Wiesenwunder","isPartOf":{"@id":"https:\/\/www.wiesenwunder.de\/#website"},"datePublished":"2020-03-23T11:09:00+00:00","dateModified":"2021-09-16T14:20:43+00:00","breadcrumb":{"@id":"https:\/\/www.wiesenwunder.de\/index.php\/naturerleben-mit-kindern\/#breadcrumb"},"inLanguage":"de","potentialAction":[{"@type":"ReadAction","target":["https:\/\/www.wiesenwunder.de\/index.php\/naturerleben-mit-kindern\/"]}]},{"@type":"BreadcrumbList","@id":"https:\/\/www.wiesenwunder.de\/index.php\/naturerleben-mit-kindern\/#breadcrumb","itemListElement":[{"@type":"ListItem","position":1,"name":"Home","item":"https:\/\/www.wiesenwunder.de\/"},{"@type":"ListItem","position":2,"name":"Naturerleben mit Kindern"}]},{"@type":"WebSite","@id":"https:\/\/www.wiesenwunder.de\/#website","url":"https:\/\/www.wiesenwunder.de\/","name":"Wiesenwunder","description":"Raus in die Natur","potentialAction":[{"@type":"SearchAction","target":{"@type":"EntryPoint","urlTemplate":"https:\/\/www.wiesenwunder.de\/?s={search_term_string}"},"query-input":"required name=search_term_string"}],"inLanguage":"de"}]}},"_links":{"self":[{"href":"https:\/\/www.wiesenwunder.de\/index.php\/wp-json\/wp\/v2\/pages\/280"}],"collection":[{"href":"https:\/\/www.wiesenwunder.de\/index.php\/wp-json\/wp\/v2\/pages"}],"about":[{"href":"https:\/\/www.wiesenwunder.de\/index.php\/wp-json\/wp\/v2\/types\/page"}],"author":[{"embeddable":true,"href":"https:\/\/www.wiesenwunder.de\/index.php\/wp-json\/wp\/v2\/users\/3"}],"replies":[{"embeddable":true,"href":"https:\/\/www.wiesenwunder.de\/index.php\/wp-json\/wp\/v2\/comments?post=280"}],"version-history":[{"count":54,"href":"https:\/\/www.wiesenwunder.de\/index.php\/wp-json\/wp\/v2\/pages\/280\/revisions"}],"predecessor-version":[{"id":1592,"href":"https:\/\/www.wiesenwunder.de\/index.php\/wp-json\/wp\/v2\/pages\/280\/revisions\/1592"}],"wp:attachment":[{"href":"https:\/\/www.wiesenwunder.de\/index.php\/wp-json\/wp\/v2\/media?parent=280"}],"curies":[{"name":"wp","href":"https:\/\/api.w.org\/{rel}","templated":true}]}}